{"id":3543,"date":"2023-04-10T11:32:53","date_gmt":"2023-04-10T09:32:53","guid":{"rendered":"https:\/\/plombier.digital-it.be\/?page_id=3543"},"modified":"2023-04-11T12:01:39","modified_gmt":"2023-04-11T10:01:39","slug":"ramonage-de-cheminee","status":"publish","type":"page","link":"https:\/\/plombier.digital-it.be\/?page_id=3543","title":{"rendered":"Ramonage de chemin\u00e9e"},"content":{"rendered":"\t\t<div data-elementor-type=\"wp-page\" data-elementor-id=\"3543\" class=\"elementor elementor-3543\">\n\t\t\t\t\t\t\t\t\t<section class=\"elementor-section elementor-top-section elementor-element elementor-element-98eeaa1 elementor-section-boxed elementor-section-height-default elementor-section-height-default\" data-id=\"98eeaa1\" data-element_type=\"section\">\n\t\t\t\t\t\t<div class=\"elementor-container elementor-column-gap-default\">\n\t\t\t\t\t<div class=\"elementor-column elementor-col-33 elementor-top-column elementor-element elementor-element-43a54ae\" data-id=\"43a54ae\" data-element_type=\"column\">\n\t\t\t<div class=\"elementor-widget-wrap elementor-element-populated\">\n\t\t\t\t\t\t\t\t<div class=\"elementor-element elementor-element-b9297f4 elementor-widget elementor-widget-spacer\" data-id=\"b9297f4\" data-element_type=\"widget\" data-widget_type=\"spacer.default\">\n\t\t\t\t<div class=\"elementor-widget-container\">\n\t\t\t<style>\/*! elementor - v3.12.0 - 29-03-2023 *\/\n.elementor-column .elementor-spacer-inner{height:var(--spacer-size)}.e-con{--container-widget-width:100%}.e-con-inner>.elementor-widget-spacer,.e-con>.elementor-widget-spacer{width:var(--container-widget-width,var(--spacer-size));--align-self:var(--container-widget-align-self,initial);--flex-shrink:0}.e-con-inner>.elementor-widget-spacer>.elementor-widget-container,.e-con-inner>.elementor-widget-spacer>.elementor-widget-container>.elementor-spacer,.e-con>.elementor-widget-spacer>.elementor-widget-container,.e-con>.elementor-widget-spacer>.elementor-widget-container>.elementor-spacer{height:100%}.e-con-inner>.elementor-widget-spacer>.elementor-widget-container>.elementor-spacer>.elementor-spacer-inner,.e-con>.elementor-widget-spacer>.elementor-widget-container>.elementor-spacer>.elementor-spacer-inner{height:var(--container-widget-height,var(--spacer-size))}<\/style>\t\t<div class=\"elementor-spacer\">\n\t\t\t<div class=\"elementor-spacer-inner\"><\/div>\n\t\t<\/div>\n\t\t\t\t<\/div>\n\t\t\t\t<\/div>\n\t\t\t\t<div class=\"elementor-element elementor-element-3e7e967 elementor-widget elementor-widget-heading\" data-id=\"3e7e967\" data-element_type=\"widget\" data-widget_type=\"heading.default\">\n\t\t\t\t<div class=\"elementor-widget-container\">\n\t\t\t<style>\/*! elementor - v3.12.0 - 29-03-2023 *\/\n.elementor-heading-title{padding:0;margin:0;line-height:1}.elementor-widget-heading .elementor-heading-title[class*=elementor-size-]>a{color:inherit;font-size:inherit;line-height:inherit}.elementor-widget-heading .elementor-heading-title.elementor-size-small{font-size:15px}.elementor-widget-heading .elementor-heading-title.elementor-size-medium{font-size:19px}.elementor-widget-heading .elementor-heading-title.elementor-size-large{font-size:29px}.elementor-widget-heading .elementor-heading-title.elementor-size-xl{font-size:39px}.elementor-widget-heading .elementor-heading-title.elementor-size-xxl{font-size:59px}<\/style><h3 class=\"elementor-heading-title elementor-size-default\">Ramonage de chemin\u00e9e\n<\/h3>\t\t<\/div>\n\t\t\t\t<\/div>\n\t\t\t\t<div class=\"elementor-element elementor-element-eb364c0 elementor-widget elementor-widget-vankine-list-items-v1\" data-id=\"eb364c0\" data-element_type=\"widget\" data-widget_type=\"vankine-list-items-v1.default\">\n\t\t\t\t<div class=\"elementor-widget-container\">\n\t\t\t \r\n    <div class=\"position-relative\">\r\n    <ul class=\"list_box list\">\r\n            <li>\r\n            <div class=\"d-flex align-items-center\">\r\n                                           \r\n                                                                                            <div class=\"icon trans\">\r\n                                        <i aria-hidden=\"false\" class=\"fas fa-tools\"><\/i>                                    <\/div>\r\n                                \t\r\n                        \t\r\n                \r\n                                    <a class=\"links\" href=\"#\"   >\r\n                Ramonage de chemin\u00e9e\n Mons                <\/a>\r\n            <\/div>\r\n        <\/li>\r\n                <li>\r\n            <div class=\"d-flex align-items-center\">\r\n                                           \r\n                                                                                            <div class=\"icon trans\">\r\n                                        <i aria-hidden=\"false\" class=\"fas fa-tools\"><\/i>                                    <\/div>\r\n                                \t\r\n                        \t\r\n                \r\n                                    <a class=\"links\" href=\"#\"   >\r\n                Ramonage de chemin\u00e9e\nNamur                <\/a>\r\n            <\/div>\r\n        <\/li>\r\n                <li>\r\n            <div class=\"d-flex align-items-center\">\r\n                                           \r\n                                                                                            <div class=\"icon trans\">\r\n                                        <i aria-hidden=\"false\" class=\"fas fa-tools\"><\/i>                                    <\/div>\r\n                                \t\r\n                        \t\r\n                \r\n                                    <a class=\"links\" href=\"#\"   >\r\n                Ramonage de chemin\u00e9e\nLi\u00e8ge                <\/a>\r\n            <\/div>\r\n        <\/li>\r\n                <li>\r\n            <div class=\"d-flex align-items-center\">\r\n                                           \r\n                                                                                            <div class=\"icon trans\">\r\n                                        <i aria-hidden=\"false\" class=\"fas fa-tools\"><\/i>                                    <\/div>\r\n                                \t\r\n                        \t\r\n                \r\n                                    <a class=\"links\" href=\"#\"   >\r\n                Ramonage de chemin\u00e9e\nWavre                <\/a>\r\n            <\/div>\r\n        <\/li>\r\n                <li>\r\n            <div class=\"d-flex align-items-center\">\r\n                                           \r\n                                                                                            <div class=\"icon trans\">\r\n                                        <i aria-hidden=\"false\" class=\"fas fa-tools\"><\/i>                                    <\/div>\r\n                                \t\r\n                        \t\r\n                \r\n                                    <a class=\"links\" href=\"#\"   >\r\n                Ramonage de chemin\u00e9e\nWaterloo                <\/a>\r\n            <\/div>\r\n        <\/li>\r\n                <li>\r\n            <div class=\"d-flex align-items-center\">\r\n                                           \r\n                                                                                            <div class=\"icon trans\">\r\n                                        <i aria-hidden=\"false\" class=\"fas fa-tools\"><\/i>                                    <\/div>\r\n                                \t\r\n                        \t\r\n                \r\n                                    <a class=\"links\" href=\"#\"   >\r\n                Ramonage de chemin\u00e9e\nTournai                <\/a>\r\n            <\/div>\r\n        <\/li>\r\n            <\/ul>\r\n    <\/div>\r\n \r\n         \t\t<\/div>\n\t\t\t\t<\/div>\n\t\t\t\t<div class=\"elementor-element elementor-element-09e1f47 elementor-widget elementor-widget-image\" data-id=\"09e1f47\" data-element_type=\"widget\" data-widget_type=\"image.default\">\n\t\t\t\t<div class=\"elementor-widget-container\">\n\t\t\t<style>\/*! elementor - v3.12.0 - 29-03-2023 *\/\n.elementor-widget-image{text-align:center}.elementor-widget-image a{display:inline-block}.elementor-widget-image a img[src$=\".svg\"]{width:48px}.elementor-widget-image img{vertical-align:middle;display:inline-block}<\/style>\t\t\t\t\t\t\t\t\t\t\t\t<img loading=\"lazy\" decoding=\"async\" width=\"265\" height=\"177\" src=\"https:\/\/plombier.digital-it.be\/wp-content\/uploads\/2023\/04\/6-2.png\" class=\"attachment-large size-large wp-image-3571\" alt=\"\" \/>\t\t\t\t\t\t\t\t\t\t\t\t\t\t\t<\/div>\n\t\t\t\t<\/div>\n\t\t\t\t\t<\/div>\n\t\t<\/div>\n\t\t\t\t<div class=\"elementor-column elementor-col-33 elementor-top-column elementor-element elementor-element-1f15b62\" data-id=\"1f15b62\" data-element_type=\"column\">\n\t\t\t<div class=\"elementor-widget-wrap elementor-element-populated\">\n\t\t\t\t\t\t\t\t<div class=\"elementor-element elementor-element-4b0acd1 elementor-widget elementor-widget-spacer\" data-id=\"4b0acd1\" data-element_type=\"widget\" data-widget_type=\"spacer.default\">\n\t\t\t\t<div class=\"elementor-widget-container\">\n\t\t\t\t\t<div class=\"elementor-spacer\">\n\t\t\t<div class=\"elementor-spacer-inner\"><\/div>\n\t\t<\/div>\n\t\t\t\t<\/div>\n\t\t\t\t<\/div>\n\t\t\t\t<div class=\"elementor-element elementor-element-37adaae elementor-widget elementor-widget-image\" data-id=\"37adaae\" data-element_type=\"widget\" data-widget_type=\"image.default\">\n\t\t\t\t<div class=\"elementor-widget-container\">\n\t\t\t\t\t\t\t\t\t\t\t\t\t\t\t<img loading=\"lazy\" decoding=\"async\" width=\"360\" height=\"576\" src=\"https:\/\/plombier.digital-it.be\/wp-content\/uploads\/2023\/04\/5-1.png\" class=\"attachment-large size-large wp-image-3557\" alt=\"\" srcset=\"https:\/\/plombier.digital-it.be\/wp-content\/uploads\/2023\/04\/5-1.png 360w, https:\/\/plombier.digital-it.be\/wp-content\/uploads\/2023\/04\/5-1-188x300.png 188w\" sizes=\"auto, (max-width: 360px) 100vw, 360px\" \/>\t\t\t\t\t\t\t\t\t\t\t\t\t\t\t<\/div>\n\t\t\t\t<\/div>\n\t\t\t\t\t<\/div>\n\t\t<\/div>\n\t\t\t\t<div class=\"elementor-column elementor-col-33 elementor-top-column elementor-element elementor-element-30a349f\" data-id=\"30a349f\" data-element_type=\"column\">\n\t\t\t<div class=\"elementor-widget-wrap elementor-element-populated\">\n\t\t\t\t\t\t\t\t<div class=\"elementor-element elementor-element-b8b5ce3 elementor-widget elementor-widget-spacer\" data-id=\"b8b5ce3\" data-element_type=\"widget\" data-widget_type=\"spacer.default\">\n\t\t\t\t<div class=\"elementor-widget-container\">\n\t\t\t\t\t<div class=\"elementor-spacer\">\n\t\t\t<div class=\"elementor-spacer-inner\"><\/div>\n\t\t<\/div>\n\t\t\t\t<\/div>\n\t\t\t\t<\/div>\n\t\t\t\t<div class=\"elementor-element elementor-element-2cbb6fb elementor-widget elementor-widget-text-editor\" data-id=\"2cbb6fb\" data-element_type=\"widget\" data-widget_type=\"text-editor.default\">\n\t\t\t\t<div class=\"elementor-widget-container\">\n\t\t\t<style>\/*! elementor - v3.12.0 - 29-03-2023 *\/\n.elementor-widget-text-editor.elementor-drop-cap-view-stacked .elementor-drop-cap{background-color:#69727d;color:#fff}.elementor-widget-text-editor.elementor-drop-cap-view-framed .elementor-drop-cap{color:#69727d;border:3px solid;background-color:transparent}.elementor-widget-text-editor:not(.elementor-drop-cap-view-default) .elementor-drop-cap{margin-top:8px}.elementor-widget-text-editor:not(.elementor-drop-cap-view-default) .elementor-drop-cap-letter{width:1em;height:1em}.elementor-widget-text-editor .elementor-drop-cap{float:left;text-align:center;line-height:1;font-size:50px}.elementor-widget-text-editor .elementor-drop-cap-letter{display:inline-block}<\/style>\t\t\t\t<p>Le nettoyage de vos tuyaux de raccordements et conduits de fum\u00e9es assure l\u2019\u00e9vacuation des gaz de combustion, am\u00e9liore le rendement de votre installation et vous prot\u00e8ge des incendies. Nos experts en ramonage proc\u00e9deront \u00e0 un nettoyage complet de votre syst\u00e8me de chauffage au bois. Avec un \u00e9quipement des plus ad\u00e9quats, ils d\u00e9crasseront l\u2019\u00e2tre du foyer, les conduits et la chambre \u00e0 fum\u00e9e avec minutie.<br \/>Le r\u00e9sultat impeccable et l\u2019absence de r\u00e9sidus dans votre r\u00e9sidence vous \u00e9tonnera !<\/p><p>Le ramonage de chemin\u00e9e est une t\u00e2che essentielle pour assurer le bon fonctionnement de votre syst\u00e8me de chauffage et \u00e9viter les incendies. Si vous habitez \u00e0 Bruxelles et que vous utilisez une chemin\u00e9e pour chauffer votre foyer, il est recommand\u00e9 de faire appel \u00e0 un professionnel pour effectuer ce ramonage.<\/p><p>Le ramonage consiste \u00e0 nettoyer les conduits de votre chemin\u00e9e pour \u00e9viter les risques d\u2019incendie et garantir un bon rendement de votre appareil. Cette t\u00e2che doit \u00eatre effectu\u00e9e au moins une fois par an, mais peut \u00eatre plus fr\u00e9quente selon l\u2019utilisation de votre chemin\u00e9e.<\/p>\t\t\t\t\t\t<\/div>\n\t\t\t\t<\/div>\n\t\t\t\t\t<\/div>\n\t\t<\/div>\n\t\t\t\t\t\t\t<\/div>\n\t\t<\/section>\n\t\t\t\t<section class=\"elementor-section elementor-top-section elementor-element elementor-element-a6be171 elementor-section-boxed elementor-section-height-default elementor-section-height-default\" data-id=\"a6be171\" data-element_type=\"section\">\n\t\t\t\t\t\t<div class=\"elementor-container elementor-column-gap-default\">\n\t\t\t\t\t<div class=\"elementor-column elementor-col-33 elementor-top-column elementor-element elementor-element-0bf9c1e\" data-id=\"0bf9c1e\" data-element_type=\"column\">\n\t\t\t<div class=\"elementor-widget-wrap elementor-element-populated\">\n\t\t\t\t\t\t\t\t<div class=\"elementor-element elementor-element-a9c35be elementor-widget elementor-widget-spacer\" data-id=\"a9c35be\" data-element_type=\"widget\" data-widget_type=\"spacer.default\">\n\t\t\t\t<div class=\"elementor-widget-container\">\n\t\t\t\t\t<div class=\"elementor-spacer\">\n\t\t\t<div class=\"elementor-spacer-inner\"><\/div>\n\t\t<\/div>\n\t\t\t\t<\/div>\n\t\t\t\t<\/div>\n\t\t\t\t<div class=\"elementor-element elementor-element-69b68a8 elementor-widget elementor-widget-heading\" data-id=\"69b68a8\" data-element_type=\"widget\" data-widget_type=\"heading.default\">\n\t\t\t\t<div class=\"elementor-widget-container\">\n\t\t\t<h3 class=\"elementor-heading-title elementor-size-default\">Nos services<\/h3>\t\t<\/div>\n\t\t\t\t<\/div>\n\t\t\t\t<div class=\"elementor-element elementor-element-9360f39 elementor-widget elementor-widget-vankine-list-items-v1\" data-id=\"9360f39\" data-element_type=\"widget\" data-widget_type=\"vankine-list-items-v1.default\">\n\t\t\t\t<div class=\"elementor-widget-container\">\n\t\t\t \r\n    <div class=\"position-relative\">\r\n    <ul class=\"list_box list\">\r\n            <li>\r\n            <div class=\"d-flex align-items-center\">\r\n                                           \r\n                                                                                            <div class=\"icon trans\">\r\n                                        <i aria-hidden=\"false\" class=\"fas fa-tools\"><\/i>                                    <\/div>\r\n                                \t\r\n                        \t\r\n                \r\n                                    <a class=\"links\" href=\"#\"   >\r\n                Entretien de chaudi\u00e8re                <\/a>\r\n            <\/div>\r\n        <\/li>\r\n                <li>\r\n            <div class=\"d-flex align-items-center\">\r\n                                           \r\n                                                                                            <div class=\"icon trans\">\r\n                                        <i aria-hidden=\"false\" class=\"fas fa-tools\"><\/i>                                    <\/div>\r\n                                \t\r\n                        \t\r\n                \r\n                                    <a class=\"links\" href=\"#\"   >\r\n                Installation de chaudi\u00e8re                <\/a>\r\n            <\/div>\r\n        <\/li>\r\n                <li>\r\n            <div class=\"d-flex align-items-center\">\r\n                                           \r\n                                                                                            <div class=\"icon trans\">\r\n                                        <i aria-hidden=\"false\" class=\"fas fa-tools\"><\/i>                                    <\/div>\r\n                                \t\r\n                        \t\r\n                \r\n                                    <a class=\"links\" href=\"#\"   >\r\n                D\u00e9pannage de chaudi\u00e8re                <\/a>\r\n            <\/div>\r\n        <\/li>\r\n                <li>\r\n            <div class=\"d-flex align-items-center\">\r\n                                           \r\n                                                                                            <div class=\"icon trans\">\r\n                                        <i aria-hidden=\"false\" class=\"fas fa-tools\"><\/i>                                    <\/div>\r\n                                \t\r\n                        \t\r\n                \r\n                                    <a class=\"links\" href=\"#\"   >\r\n                Plomberie                <\/a>\r\n            <\/div>\r\n        <\/li>\r\n                <li>\r\n            <div class=\"d-flex align-items-center\">\r\n                                           \r\n                                                                                            <div class=\"icon trans\">\r\n                                        <i aria-hidden=\"false\" class=\"fas fa-tools\"><\/i>                                    <\/div>\r\n                                \t\r\n                        \t\r\n                \r\n                                    <a class=\"links\" href=\"#\"   >\r\n                D\u00e9bouchage de canalisations                <\/a>\r\n            <\/div>\r\n        <\/li>\r\n                <li>\r\n            <div class=\"d-flex align-items-center\">\r\n                                           \r\n                                                                                            <div class=\"icon trans\">\r\n                                        <i aria-hidden=\"false\" class=\"fas fa-tools\"><\/i>                                    <\/div>\r\n                                \t\r\n                        \t\r\n                \r\n                                    <a class=\"links\" href=\"#\"   >\r\n                Ramonage de chemin\u00e9e                <\/a>\r\n            <\/div>\r\n        <\/li>\r\n            <\/ul>\r\n    <\/div>\r\n \r\n         \t\t<\/div>\n\t\t\t\t<\/div>\n\t\t\t\t\t<\/div>\n\t\t<\/div>\n\t\t\t\t<div class=\"elementor-column elementor-col-33 elementor-top-column elementor-element elementor-element-03aae7c\" data-id=\"03aae7c\" data-element_type=\"column\">\n\t\t\t<div class=\"elementor-widget-wrap elementor-element-populated\">\n\t\t\t\t\t\t\t\t<section class=\"elementor-section elementor-inner-section elementor-element elementor-element-8a4ff4a elementor-section-full_width elementor-section-height-default elementor-section-height-default\" data-id=\"8a4ff4a\" data-element_type=\"section\">\n\t\t\t\t\t\t<div class=\"elementor-container elementor-column-gap-no\">\n\t\t\t\t\t<div class=\"elementor-column elementor-col-100 elementor-inner-column elementor-element elementor-element-5fbe363\" data-id=\"5fbe363\" data-element_type=\"column\">\n\t\t\t<div class=\"elementor-widget-wrap elementor-element-populated\">\n\t\t\t\t\t\t\t\t<div class=\"elementor-element elementor-element-8a363d6 elementor-widget elementor-widget-text-editor\" data-id=\"8a363d6\" data-element_type=\"widget\" data-widget_type=\"text-editor.default\">\n\t\t\t\t<div class=\"elementor-widget-container\">\n\t\t\t\t\t\t\t<p>Pour effectuer un ramonage de chemin\u00e9e \u00e0 Bruxelles, notre \u00e9quipe de professionnels utilise des outils sp\u00e9cialis\u00e9s pour enlever les d\u00e9p\u00f4ts de suie et de poussi\u00e8re qui s\u2019accumulent dans les conduits. Nous v\u00e9rifions \u00e9galement l\u2019\u00e9tat des diff\u00e9rents composants de votre chemin\u00e9e et rempla\u00e7ons toutes les pi\u00e8ces us\u00e9es ou endommag\u00e9es.<\/p><p>Le ramonage de chemin\u00e9e est une t\u00e2che complexe qui doit \u00eatre confi\u00e9e \u00e0 des professionnels qualifi\u00e9s. En effet, une mauvaise manipulation peut entra\u00eener des risques d\u2019incendie ou de fuite de gaz. En confiant ce ramonage \u00e0 notre entreprise, vous b\u00e9n\u00e9ficiez d\u2019un service professionnel et fiable. Nous mettons \u00e0 votre disposition une \u00e9quipe de techniciens exp\u00e9riment\u00e9s et form\u00e9s aux derni\u00e8res techniques de ramonage.<\/p>\t\t\t\t\t\t<\/div>\n\t\t\t\t<\/div>\n\t\t\t\t\t<\/div>\n\t\t<\/div>\n\t\t\t\t\t\t\t<\/div>\n\t\t<\/section>\n\t\t\t\t\t<\/div>\n\t\t<\/div>\n\t\t\t\t<div class=\"elementor-column elementor-col-33 elementor-top-column elementor-element elementor-element-a0f6422\" data-id=\"a0f6422\" data-element_type=\"column\">\n\t\t\t<div class=\"elementor-widget-wrap elementor-element-populated\">\n\t\t\t\t\t\t\t\t<div class=\"elementor-element elementor-element-61aa38b elementor-widget elementor-widget-image\" data-id=\"61aa38b\" data-element_type=\"widget\" data-widget_type=\"image.default\">\n\t\t\t\t<div class=\"elementor-widget-container\">\n\t\t\t\t\t\t\t\t\t\t\t\t\t\t\t<img loading=\"lazy\" decoding=\"async\" width=\"451\" height=\"535\" src=\"https:\/\/plombier.digital-it.be\/wp-content\/uploads\/2023\/04\/6-1.png\" class=\"attachment-large size-large wp-image-3561\" alt=\"\" srcset=\"https:\/\/plombier.digital-it.be\/wp-content\/uploads\/2023\/04\/6-1.png 451w, https:\/\/plombier.digital-it.be\/wp-content\/uploads\/2023\/04\/6-1-253x300.png 253w\" sizes=\"auto, (max-width: 451px) 100vw, 451px\" \/>\t\t\t\t\t\t\t\t\t\t\t\t\t\t\t<\/div>\n\t\t\t\t<\/div>\n\t\t\t\t\t<\/div>\n\t\t<\/div>\n\t\t\t\t\t\t\t<\/div>\n\t\t<\/section>\n\t\t\t\t<section class=\"elementor-section elementor-top-section elementor-element elementor-element-f8d1ec8 elementor-section-boxed elementor-section-height-default elementor-section-height-default\" data-id=\"f8d1ec8\" data-element_type=\"section\">\n\t\t\t\t\t\t<div class=\"elementor-container elementor-column-gap-default\">\n\t\t\t\t\t<div class=\"elementor-column elementor-col-50 elementor-top-column elementor-element elementor-element-0b967dd\" data-id=\"0b967dd\" data-element_type=\"column\">\n\t\t\t<div class=\"elementor-widget-wrap\">\n\t\t\t\t\t\t\t\t\t<\/div>\n\t\t<\/div>\n\t\t\t\t<div class=\"elementor-column elementor-col-50 elementor-top-column elementor-element elementor-element-c7cd414\" data-id=\"c7cd414\" data-element_type=\"column\">\n\t\t\t<div class=\"elementor-widget-wrap elementor-element-populated\">\n\t\t\t\t\t\t\t\t<div class=\"elementor-element elementor-element-e1086e8 elementor-widget elementor-widget-text-editor\" data-id=\"e1086e8\" data-element_type=\"widget\" data-widget_type=\"text-editor.default\">\n\t\t\t\t<div class=\"elementor-widget-container\">\n\t\t\t\t\t\t\t<p>N\u2019h\u00e9sitez pas \u00e0 nous contacter pour plus d\u2019informations sur notre service de ramonage de chemin\u00e9e \u00e0 Bruxelles. Nous sommes \u00e0 votre disposition pour r\u00e9pondre \u00e0 toutes vos questions et vous proposer une solution sur mesure adapt\u00e9e \u00e0 vos besoins.<\/p>\t\t\t\t\t\t<\/div>\n\t\t\t\t<\/div>\n\t\t\t\t<div class=\"elementor-element elementor-element-78d65ee elementor-widget elementor-widget-spacer\" data-id=\"78d65ee\" data-element_type=\"widget\" data-widget_type=\"spacer.default\">\n\t\t\t\t<div class=\"elementor-widget-container\">\n\t\t\t\t\t<div class=\"elementor-spacer\">\n\t\t\t<div class=\"elementor-spacer-inner\"><\/div>\n\t\t<\/div>\n\t\t\t\t<\/div>\n\t\t\t\t<\/div>\n\t\t\t\t\t<\/div>\n\t\t<\/div>\n\t\t\t\t\t\t\t<\/div>\n\t\t<\/section>\n\t\t\t\t\t\t\t<\/div>\n\t\t","protected":false},"excerpt":{"rendered":"<p>Ramonage de chemin\u00e9e Ramonage de chemin\u00e9e Mons Ramonage de chemin\u00e9e Namur Ramonage de chemin\u00e9e Li\u00e8ge Ramonage de chemin\u00e9e Wavre Ramonage de chemin\u00e9e Waterloo Ramonage de chemin\u00e9e Tournai Le nettoyage de vos tuyaux de raccordements et conduits de fum\u00e9es assure l\u2019\u00e9vacuation des gaz de combustion, am\u00e9liore le rendement de votre installation et vous prot\u00e8ge des incendies. [&hellip;]<\/p>\n","protected":false},"author":1,"featured_media":0,"parent":0,"menu_order":0,"comment_status":"closed","ping_status":"closed","template":"template-fullwidth.php","meta":{"footnotes":""},"class_list":["post-3543","page","type-page","status-publish","hentry"],"_links":{"self":[{"href":"https:\/\/plombier.digital-it.be\/index.php?rest_route=\/wp\/v2\/pages\/3543","targetHints":{"allow":["GET"]}}],"collection":[{"href":"https:\/\/plombier.digital-it.be\/index.php?rest_route=\/wp\/v2\/pages"}],"about":[{"href":"https:\/\/plombier.digital-it.be\/index.php?rest_route=\/wp\/v2\/types\/page"}],"author":[{"embeddable":true,"href":"https:\/\/plombier.digital-it.be\/index.php?rest_route=\/wp\/v2\/users\/1"}],"replies":[{"embeddable":true,"href":"https:\/\/plombier.digital-it.be\/index.php?rest_route=%2Fwp%2Fv2%2Fcomments&post=3543"}],"version-history":[{"count":28,"href":"https:\/\/plombier.digital-it.be\/index.php?rest_route=\/wp\/v2\/pages\/3543\/revisions"}],"predecessor-version":[{"id":3625,"href":"https:\/\/plombier.digital-it.be\/index.php?rest_route=\/wp\/v2\/pages\/3543\/revisions\/3625"}],"wp:attachment":[{"href":"https:\/\/plombier.digital-it.be\/index.php?rest_route=%2Fwp%2Fv2%2Fmedia&parent=3543"}],"curies":[{"name":"wp","href":"https:\/\/api.w.org\/{rel}","templated":true}]}}